{"id":9980,"date":"2024-02-17T10:42:39","date_gmt":"2024-02-17T10:42:39","guid":{"rendered":"https:\/\/mediterraneo-orlean.fr\/?post_type=product&#038;p=9980"},"modified":"2024-05-04T13:14:17","modified_gmt":"2024-05-04T13:14:17","slug":"tsipouro","status":"publish","type":"product","link":"https:\/\/greeklegacywines.gr\/index.php\/fr\/product\/tsipouro\/","title":{"rendered":"Tsipouro"},"content":{"rendered":"<p>Tr\u00e8s bonne qualit\u00e9. Ar\u00f4mes d&#8217;herbes aromatiques s\u00e9ch\u00e9es, racines de baies, noix vert et d&#8217;amandes am\u00e8res.<\/p>\n","protected":false},"excerpt":{"rendered":"<p>Tr\u00e8s bonne qualit\u00e9. Ar\u00f4mes d&#8217;herbes aromatiques s\u00e9ch\u00e9es, racines de baies, noix vert et d&#8217;amandes am\u00e8res.<\/p>\n","protected":false},"featured_media":9981,"comment_status":"open","ping_status":"closed","template":"","meta":[],"product_cat":[236],"product_tag":[258],"_links":{"self":[{"href":"https:\/\/greeklegacywines.gr\/index.php\/wp-json\/wp\/v2\/product\/9980"}],"collection":[{"href":"https:\/\/greeklegacywines.gr\/index.php\/wp-json\/wp\/v2\/product"}],"about":[{"href":"https:\/\/greeklegacywines.gr\/index.php\/wp-json\/wp\/v2\/types\/product"}],"replies":[{"embeddable":true,"href":"https:\/\/greeklegacywines.gr\/index.php\/wp-json\/wp\/v2\/comments?post=9980"}],"version-history":[{"count":3,"href":"https:\/\/greeklegacywines.gr\/index.php\/wp-json\/wp\/v2\/product\/9980\/revisions"}],"predecessor-version":[{"id":10046,"href":"https:\/\/greeklegacywines.gr\/index.php\/wp-json\/wp\/v2\/product\/9980\/revisions\/10046"}],"wp:featuredmedia":[{"embeddable":true,"href":"https:\/\/greeklegacywines.gr\/index.php\/wp-json\/wp\/v2\/media\/9981"}],"wp:attachment":[{"href":"https:\/\/greeklegacywines.gr\/index.php\/wp-json\/wp\/v2\/media?parent=9980"}],"wp:term":[{"taxonomy":"product_cat","embeddable":true,"href":"https:\/\/greeklegacywines.gr\/index.php\/wp-json\/wp\/v2\/product_cat?post=9980"},{"taxonomy":"product_tag","embeddable":true,"href":"https:\/\/greeklegacywines.gr\/index.php\/wp-json\/wp\/v2\/product_tag?post=9980"}],"curies":[{"name":"wp","href":"https:\/\/api.w.org\/{rel}","templated":true}]}}