{"id":9977,"date":"2024-02-17T10:40:37","date_gmt":"2024-02-17T10:40:37","guid":{"rendered":"https:\/\/mediterraneo-orlean.fr\/?post_type=product&#038;p=9977"},"modified":"2024-05-27T20:26:46","modified_gmt":"2024-05-27T20:26:46","slug":"retsina-krasia","status":"publish","type":"product","link":"https:\/\/greeklegacywines.gr\/index.php\/fr\/product\/retsina-krasia\/","title":{"rendered":"Retsina LAFKIOTIS"},"content":{"rendered":"<div>Vin blanc sec. Corps riche, ar\u00f4me fruit\u00e9 m\u00e9lang\u00e9 \u00e0 un ar\u00f4me\u00a0de r\u00e9sine.<\/div>\n","protected":false},"excerpt":{"rendered":"<p>Vin blanc sec. Corps riche, ar\u00f4me fruit\u00e9 m\u00e9lang\u00e9 \u00e0 un ar\u00f4me\u00a0de r\u00e9sine.<\/p>\n","protected":false},"featured_media":9978,"comment_status":"open","ping_status":"closed","template":"","meta":[],"product_cat":[236],"product_tag":[246,268],"_links":{"self":[{"href":"https:\/\/greeklegacywines.gr\/index.php\/wp-json\/wp\/v2\/product\/9977"}],"collection":[{"href":"https:\/\/greeklegacywines.gr\/index.php\/wp-json\/wp\/v2\/product"}],"about":[{"href":"https:\/\/greeklegacywines.gr\/index.php\/wp-json\/wp\/v2\/types\/product"}],"replies":[{"embeddable":true,"href":"https:\/\/greeklegacywines.gr\/index.php\/wp-json\/wp\/v2\/comments?post=9977"}],"version-history":[{"count":2,"href":"https:\/\/greeklegacywines.gr\/index.php\/wp-json\/wp\/v2\/product\/9977\/revisions"}],"predecessor-version":[{"id":10034,"href":"https:\/\/greeklegacywines.gr\/index.php\/wp-json\/wp\/v2\/product\/9977\/revisions\/10034"}],"wp:featuredmedia":[{"embeddable":true,"href":"https:\/\/greeklegacywines.gr\/index.php\/wp-json\/wp\/v2\/media\/9978"}],"wp:attachment":[{"href":"https:\/\/greeklegacywines.gr\/index.php\/wp-json\/wp\/v2\/media?parent=9977"}],"wp:term":[{"taxonomy":"product_cat","embeddable":true,"href":"https:\/\/greeklegacywines.gr\/index.php\/wp-json\/wp\/v2\/product_cat?post=9977"},{"taxonomy":"product_tag","embeddable":true,"href":"https:\/\/greeklegacywines.gr\/index.php\/wp-json\/wp\/v2\/product_tag?post=9977"}],"curies":[{"name":"wp","href":"https:\/\/api.w.org\/{rel}","templated":true}]}}