{"id":9858,"date":"2023-11-20T00:33:45","date_gmt":"2023-11-20T00:33:45","guid":{"rendered":"https:\/\/mediterraneo-orlean.fr\/?post_type=product&#038;p=9858"},"modified":"2024-05-04T11:59:30","modified_gmt":"2024-05-04T11:59:30","slug":"samos-vin-doux","status":"publish","type":"product","link":"https:\/\/greeklegacywines.gr\/index.php\/fr\/product\/samos-vin-doux\/","title":{"rendered":"Samos Vin Doux"},"content":{"rendered":"<div>Vin doux blanc. Vin de dessert sucr\u00e9 \u00e0\u00a0l&#8217;ar\u00f4me de miel prononc\u00e9.<\/div>\n<div>Raisins muscat de qualit\u00e9\u00a0sup\u00e9rieure, go\u00fbt unique.<\/div>\n","protected":false},"excerpt":{"rendered":"<p>Vin doux blanc. Vin de dessert sucr\u00e9 \u00e0\u00a0l&#8217;ar\u00f4me de miel prononc\u00e9. Raisins muscat de qualit\u00e9\u00a0sup\u00e9rieure, go\u00fbt unique.<\/p>\n","protected":false},"featured_media":9859,"comment_status":"open","ping_status":"closed","template":"","meta":[],"product_cat":[236],"product_tag":[254],"_links":{"self":[{"href":"https:\/\/greeklegacywines.gr\/index.php\/wp-json\/wp\/v2\/product\/9858"}],"collection":[{"href":"https:\/\/greeklegacywines.gr\/index.php\/wp-json\/wp\/v2\/product"}],"about":[{"href":"https:\/\/greeklegacywines.gr\/index.php\/wp-json\/wp\/v2\/types\/product"}],"replies":[{"embeddable":true,"href":"https:\/\/greeklegacywines.gr\/index.php\/wp-json\/wp\/v2\/comments?post=9858"}],"version-history":[{"count":2,"href":"https:\/\/greeklegacywines.gr\/index.php\/wp-json\/wp\/v2\/product\/9858\/revisions"}],"predecessor-version":[{"id":10041,"href":"https:\/\/greeklegacywines.gr\/index.php\/wp-json\/wp\/v2\/product\/9858\/revisions\/10041"}],"wp:featuredmedia":[{"embeddable":true,"href":"https:\/\/greeklegacywines.gr\/index.php\/wp-json\/wp\/v2\/media\/9859"}],"wp:attachment":[{"href":"https:\/\/greeklegacywines.gr\/index.php\/wp-json\/wp\/v2\/media?parent=9858"}],"wp:term":[{"taxonomy":"product_cat","embeddable":true,"href":"https:\/\/greeklegacywines.gr\/index.php\/wp-json\/wp\/v2\/product_cat?post=9858"},{"taxonomy":"product_tag","embeddable":true,"href":"https:\/\/greeklegacywines.gr\/index.php\/wp-json\/wp\/v2\/product_tag?post=9858"}],"curies":[{"name":"wp","href":"https:\/\/api.w.org\/{rel}","templated":true}]}}