{"id":9828,"date":"2023-11-19T01:22:25","date_gmt":"2023-11-19T01:22:25","guid":{"rendered":"https:\/\/mediterraneo-orlean.fr\/?post_type=product&#038;p=9828"},"modified":"2024-05-04T11:57:50","modified_gmt":"2024-05-04T11:57:50","slug":"maurodaphne-patras","status":"publish","type":"product","link":"https:\/\/greeklegacywines.gr\/index.php\/fr\/product\/maurodaphne-patras\/","title":{"rendered":"Maurodaphne Patras"},"content":{"rendered":"<p>Vin rouge doux. Ar\u00f4mes de raisins secs et prunes. Saveurs riches de fruits secs avec une acidit\u00e9 qui \u00e9quilibre ce vin doux. Finale longue avec un fruit riche et persistant.<\/p>\n","protected":false},"excerpt":{"rendered":"<p>Vin rouge doux. Ar\u00f4mes de raisins secs et prunes. Saveurs riches de fruits secs avec une acidit\u00e9 qui \u00e9quilibre ce<\/p>\n","protected":false},"featured_media":9829,"comment_status":"open","ping_status":"closed","template":"","meta":[],"product_cat":[236],"product_tag":[252],"_links":{"self":[{"href":"https:\/\/greeklegacywines.gr\/index.php\/wp-json\/wp\/v2\/product\/9828"}],"collection":[{"href":"https:\/\/greeklegacywines.gr\/index.php\/wp-json\/wp\/v2\/product"}],"about":[{"href":"https:\/\/greeklegacywines.gr\/index.php\/wp-json\/wp\/v2\/types\/product"}],"replies":[{"embeddable":true,"href":"https:\/\/greeklegacywines.gr\/index.php\/wp-json\/wp\/v2\/comments?post=9828"}],"version-history":[{"count":2,"href":"https:\/\/greeklegacywines.gr\/index.php\/wp-json\/wp\/v2\/product\/9828\/revisions"}],"predecessor-version":[{"id":10040,"href":"https:\/\/greeklegacywines.gr\/index.php\/wp-json\/wp\/v2\/product\/9828\/revisions\/10040"}],"wp:featuredmedia":[{"embeddable":true,"href":"https:\/\/greeklegacywines.gr\/index.php\/wp-json\/wp\/v2\/media\/9829"}],"wp:attachment":[{"href":"https:\/\/greeklegacywines.gr\/index.php\/wp-json\/wp\/v2\/media?parent=9828"}],"wp:term":[{"taxonomy":"product_cat","embeddable":true,"href":"https:\/\/greeklegacywines.gr\/index.php\/wp-json\/wp\/v2\/product_cat?post=9828"},{"taxonomy":"product_tag","embeddable":true,"href":"https:\/\/greeklegacywines.gr\/index.php\/wp-json\/wp\/v2\/product_tag?post=9828"}],"curies":[{"name":"wp","href":"https:\/\/api.w.org\/{rel}","templated":true}]}}