{"id":9825,"date":"2023-11-19T00:02:39","date_gmt":"2023-11-19T00:02:39","guid":{"rendered":"https:\/\/mediterraneo-orlean.fr\/?post_type=product&#038;p=9825"},"modified":"2024-05-07T10:21:17","modified_gmt":"2024-05-07T10:21:17","slug":"orino-honey","status":"publish","type":"product","link":"https:\/\/greeklegacywines.gr\/index.php\/fr\/product\/orino-honey\/","title":{"rendered":"Orino MIEL DE CR\u00c8TE"},"content":{"rendered":"<p>Miel de fleurs et thym. Riche en go\u00fbt, belle couleur ambr\u00e9e.<\/p>\n","protected":false},"excerpt":{"rendered":"<p>Miel de fleurs et thym. Riche en go\u00fbt, belle couleur ambr\u00e9e.<\/p>\n","protected":false},"featured_media":9826,"comment_status":"open","ping_status":"closed","template":"","meta":[],"product_cat":[234],"product_tag":[],"_links":{"self":[{"href":"https:\/\/greeklegacywines.gr\/index.php\/wp-json\/wp\/v2\/product\/9825"}],"collection":[{"href":"https:\/\/greeklegacywines.gr\/index.php\/wp-json\/wp\/v2\/product"}],"about":[{"href":"https:\/\/greeklegacywines.gr\/index.php\/wp-json\/wp\/v2\/types\/product"}],"replies":[{"embeddable":true,"href":"https:\/\/greeklegacywines.gr\/index.php\/wp-json\/wp\/v2\/comments?post=9825"}],"version-history":[{"count":3,"href":"https:\/\/greeklegacywines.gr\/index.php\/wp-json\/wp\/v2\/product\/9825\/revisions"}],"predecessor-version":[{"id":10060,"href":"https:\/\/greeklegacywines.gr\/index.php\/wp-json\/wp\/v2\/product\/9825\/revisions\/10060"}],"wp:featuredmedia":[{"embeddable":true,"href":"https:\/\/greeklegacywines.gr\/index.php\/wp-json\/wp\/v2\/media\/9826"}],"wp:attachment":[{"href":"https:\/\/greeklegacywines.gr\/index.php\/wp-json\/wp\/v2\/media?parent=9825"}],"wp:term":[{"taxonomy":"product_cat","embeddable":true,"href":"https:\/\/greeklegacywines.gr\/index.php\/wp-json\/wp\/v2\/product_cat?post=9825"},{"taxonomy":"product_tag","embeddable":true,"href":"https:\/\/greeklegacywines.gr\/index.php\/wp-json\/wp\/v2\/product_tag?post=9825"}],"curies":[{"name":"wp","href":"https:\/\/api.w.org\/{rel}","templated":true}]}}