{"id":10176,"date":"2024-05-26T22:01:51","date_gmt":"2024-05-26T22:01:51","guid":{"rendered":"https:\/\/mediterraneo-orlean.fr\/?post_type=product&#038;p=10176"},"modified":"2024-05-26T22:04:20","modified_gmt":"2024-05-26T22:04:20","slug":"couronne","status":"publish","type":"product","link":"https:\/\/greeklegacywines.gr\/index.php\/fr\/product\/couronne\/","title":{"rendered":"Couronne"},"content":{"rendered":"<p>Couronne Feuillet\u00e9e au fromage: Couronne Feuillet\u00e9e avec deux sortes du fromage. Vous pouvez l&#8217;accompagner avec de la salade ou vous pouvez manger comme une entr\u00e9e<\/p>\n","protected":false},"excerpt":{"rendered":"<p>Couronne Feuillet\u00e9e au fromage: Couronne Feuillet\u00e9e avec deux sortes du fromage. Vous pouvez l&#8217;accompagner avec de la salade ou vous<\/p>\n","protected":false},"featured_media":10177,"comment_status":"open","ping_status":"closed","template":"","meta":[],"product_cat":[238],"product_tag":[],"_links":{"self":[{"href":"https:\/\/greeklegacywines.gr\/index.php\/wp-json\/wp\/v2\/product\/10176"}],"collection":[{"href":"https:\/\/greeklegacywines.gr\/index.php\/wp-json\/wp\/v2\/product"}],"about":[{"href":"https:\/\/greeklegacywines.gr\/index.php\/wp-json\/wp\/v2\/types\/product"}],"replies":[{"embeddable":true,"href":"https:\/\/greeklegacywines.gr\/index.php\/wp-json\/wp\/v2\/comments?post=10176"}],"version-history":[{"count":1,"href":"https:\/\/greeklegacywines.gr\/index.php\/wp-json\/wp\/v2\/product\/10176\/revisions"}],"predecessor-version":[{"id":10178,"href":"https:\/\/greeklegacywines.gr\/index.php\/wp-json\/wp\/v2\/product\/10176\/revisions\/10178"}],"wp:featuredmedia":[{"embeddable":true,"href":"https:\/\/greeklegacywines.gr\/index.php\/wp-json\/wp\/v2\/media\/10177"}],"wp:attachment":[{"href":"https:\/\/greeklegacywines.gr\/index.php\/wp-json\/wp\/v2\/media?parent=10176"}],"wp:term":[{"taxonomy":"product_cat","embeddable":true,"href":"https:\/\/greeklegacywines.gr\/index.php\/wp-json\/wp\/v2\/product_cat?post=10176"},{"taxonomy":"product_tag","embeddable":true,"href":"https:\/\/greeklegacywines.gr\/index.php\/wp-json\/wp\/v2\/product_tag?post=10176"}],"curies":[{"name":"wp","href":"https:\/\/api.w.org\/{rel}","templated":true}]}}