{"id":10051,"date":"2024-05-04T13:19:21","date_gmt":"2024-05-04T13:19:21","guid":{"rendered":"https:\/\/mediterraneo-orlean.fr\/?post_type=product&#038;p=10051"},"modified":"2024-05-26T22:18:25","modified_gmt":"2024-05-26T22:18:25","slug":"mythos","status":"publish","type":"product","link":"https:\/\/greeklegacywines.gr\/index.php\/fr\/product\/mythos\/","title":{"rendered":"MYTHOS"},"content":{"rendered":"<div>Bi\u00e8re grecque lager. Riche en mousse, couleur blonde, agr\u00e9able, go\u00fbt rafra\u00eechissant avec des vari\u00e9t\u00e9s d&#8217;orge et de houblon.<\/div>\n","protected":false},"excerpt":{"rendered":"<p>Bi\u00e8re grecque lager. Riche en mousse, couleur blonde, agr\u00e9able, go\u00fbt rafra\u00eechissant avec des vari\u00e9t\u00e9s d&#8217;orge et de houblon.<\/p>\n","protected":false},"featured_media":10182,"comment_status":"open","ping_status":"closed","template":"","meta":[],"product_cat":[236],"product_tag":[262],"_links":{"self":[{"href":"https:\/\/greeklegacywines.gr\/index.php\/wp-json\/wp\/v2\/product\/10051"}],"collection":[{"href":"https:\/\/greeklegacywines.gr\/index.php\/wp-json\/wp\/v2\/product"}],"about":[{"href":"https:\/\/greeklegacywines.gr\/index.php\/wp-json\/wp\/v2\/types\/product"}],"replies":[{"embeddable":true,"href":"https:\/\/greeklegacywines.gr\/index.php\/wp-json\/wp\/v2\/comments?post=10051"}],"version-history":[{"count":1,"href":"https:\/\/greeklegacywines.gr\/index.php\/wp-json\/wp\/v2\/product\/10051\/revisions"}],"predecessor-version":[{"id":10053,"href":"https:\/\/greeklegacywines.gr\/index.php\/wp-json\/wp\/v2\/product\/10051\/revisions\/10053"}],"wp:featuredmedia":[{"embeddable":true,"href":"https:\/\/greeklegacywines.gr\/index.php\/wp-json\/wp\/v2\/media\/10182"}],"wp:attachment":[{"href":"https:\/\/greeklegacywines.gr\/index.php\/wp-json\/wp\/v2\/media?parent=10051"}],"wp:term":[{"taxonomy":"product_cat","embeddable":true,"href":"https:\/\/greeklegacywines.gr\/index.php\/wp-json\/wp\/v2\/product_cat?post=10051"},{"taxonomy":"product_tag","embeddable":true,"href":"https:\/\/greeklegacywines.gr\/index.php\/wp-json\/wp\/v2\/product_tag?post=10051"}],"curies":[{"name":"wp","href":"https:\/\/api.w.org\/{rel}","templated":true}]}}