{"id":10048,"date":"2024-05-04T13:15:40","date_gmt":"2024-05-04T13:15:40","guid":{"rendered":"https:\/\/mediterraneo-orlean.fr\/?post_type=product&#038;p=10048"},"modified":"2024-05-04T13:18:15","modified_gmt":"2024-05-04T13:18:15","slug":"tsikoudia-raki","status":"publish","type":"product","link":"https:\/\/greeklegacywines.gr\/index.php\/fr\/product\/tsikoudia-raki\/","title":{"rendered":"TSIKOUDIA\/RAKI"},"content":{"rendered":"<p>Eau-de-vie, fabriqu\u00e9e \u00e0 partir du marc de raisins. Saveurs sucr\u00e9es et ar\u00f4mes de raisins.<\/p>\n","protected":false},"excerpt":{"rendered":"<p>Eau-de-vie, fabriqu\u00e9e \u00e0 partir du marc de raisins. Saveurs sucr\u00e9es et ar\u00f4mes de raisins.<\/p>\n","protected":false},"featured_media":10049,"comment_status":"open","ping_status":"closed","template":"","meta":[],"product_cat":[236],"product_tag":[260],"_links":{"self":[{"href":"https:\/\/greeklegacywines.gr\/index.php\/wp-json\/wp\/v2\/product\/10048"}],"collection":[{"href":"https:\/\/greeklegacywines.gr\/index.php\/wp-json\/wp\/v2\/product"}],"about":[{"href":"https:\/\/greeklegacywines.gr\/index.php\/wp-json\/wp\/v2\/types\/product"}],"replies":[{"embeddable":true,"href":"https:\/\/greeklegacywines.gr\/index.php\/wp-json\/wp\/v2\/comments?post=10048"}],"version-history":[{"count":1,"href":"https:\/\/greeklegacywines.gr\/index.php\/wp-json\/wp\/v2\/product\/10048\/revisions"}],"predecessor-version":[{"id":10050,"href":"https:\/\/greeklegacywines.gr\/index.php\/wp-json\/wp\/v2\/product\/10048\/revisions\/10050"}],"wp:featuredmedia":[{"embeddable":true,"href":"https:\/\/greeklegacywines.gr\/index.php\/wp-json\/wp\/v2\/media\/10049"}],"wp:attachment":[{"href":"https:\/\/greeklegacywines.gr\/index.php\/wp-json\/wp\/v2\/media?parent=10048"}],"wp:term":[{"taxonomy":"product_cat","embeddable":true,"href":"https:\/\/greeklegacywines.gr\/index.php\/wp-json\/wp\/v2\/product_cat?post=10048"},{"taxonomy":"product_tag","embeddable":true,"href":"https:\/\/greeklegacywines.gr\/index.php\/wp-json\/wp\/v2\/product_tag?post=10048"}],"curies":[{"name":"wp","href":"https:\/\/api.w.org\/{rel}","templated":true}]}}